{"id":2,"date":"2020-12-25T16:50:54","date_gmt":"2020-12-25T16:50:54","guid":{"rendered":"http:\/\/www.gasthaus-stoeger.at\/?page_id=2"},"modified":"2024-12-02T19:08:24","modified_gmt":"2024-12-02T19:08:24","slug":"sample-page","status":"publish","type":"page","link":"https:\/\/www.gasthaus-stoeger.at\/?page_id=2","title":{"rendered":"Impressum &#038; DSGVO"},"content":{"rendered":"\t\t<div data-elementor-type=\"wp-page\" data-elementor-id=\"2\" class=\"elementor elementor-2\">\n\t\t\t\t\t\t<section class=\"elementor-section elementor-top-section elementor-element elementor-element-52215173 elementor-section-boxed elementor-section-height-default elementor-section-height-default\" data-id=\"52215173\" data-element_type=\"section\">\n\t\t\t\t\t\t<div class=\"elementor-container elementor-column-gap-default\">\n\t\t\t\t\t<div class=\"elementor-column elementor-col-100 elementor-top-column elementor-element elementor-element-19b4c2db\" data-id=\"19b4c2db\" data-element_type=\"column\">\n\t\t\t<div class=\"elementor-widget-wrap elementor-element-populated\">\n\t\t\t\t\t\t<div class=\"elementor-element elementor-element-f0982fc elementor-widget elementor-widget-heading\" data-id=\"f0982fc\" data-element_type=\"widget\" data-widget_type=\"heading.default\">\n\t\t\t\t<div class=\"elementor-widget-container\">\n\t\t\t<h2 class=\"elementor-heading-title elementor-size-default\">Impressum &amp; DSGVO<\/h2>\t\t<\/div>\n\t\t\t\t<\/div>\n\t\t\t\t<div class=\"elementor-element elementor-element-566ab64e elementor-widget elementor-widget-text-editor\" data-id=\"566ab64e\" data-element_type=\"widget\" data-widget_type=\"text-editor.default\">\n\t\t\t\t<div class=\"elementor-widget-container\">\n\t\t\t\t\t\t\t<p>Informationspflicht laut \u00a75 E-Commerce Gesetz, \u00a714 Unternehmensgesetzbuch, \u00a763 Gewerbeordnung und Offenlegungspflicht laut \u00a725 Mediengesetz.<\/p><p>Gasthaus St\u00f6ger<br \/>Daniel St\u00f6ger<br \/>Markt 57<br \/>3321 Ardagger<br \/>\u00d6sterreich<\/p><p><strong>Unternehmensgegenstand:<\/strong> Gastgewerbe in der Betriebsart Kaffeerestaurant<br \/>UID-Nummer: ATU76845425<\/p><p>Tel.: 074797359<br \/>E-Mail: <a href=\"mailto:gasthaus.stoeger@gmail.com\">gasthaus.stoeger@gmail.com<\/a><\/p><p><strong>Mitglied bei:<\/strong> WKO<br \/><strong>Berufsrecht:<\/strong> <strong>Gewerbeordnung:<\/strong> www.ris.bka.gv.at<\/p><p><a href=\"https:\/\/firmen.wko.at\/daniel-st%c3%b6ger\/nieder%c3%b6sterreich\/?firmaid=36a5b878-67b5-4bcf-9265-d74c5180dac6&amp;standortid=176&amp;standortname=ardagger%20%28gemeinde%29&amp;suchbegriff=st%c3%b6ger\">Zum WKO-Firmen A bis Z<\/a><\/p><p><strong>Aufsichtsbeh\u00f6rde\/Gewerbebeh\u00f6rde:<\/strong> Bezirkshauptmannschaft Amstetten<br \/><strong>Berufsbezeichnung:<\/strong> Gastronomiefachmann<br \/><strong>Verleihungsstaat:<\/strong> \u00d6sterreich<\/p><p><strong>Quelle:<\/strong> Erstellt mit dem Impressum Generator von firmenwebseiten.at in Kooperation mit hashtagmode.at<\/p><p>EU-Streitschlichtung<\/p><p>Gem\u00e4\u00df Verordnung \u00fcber Online-Streitbeilegung in Verbraucherangelegenheiten (ODR-Verordnung) m\u00f6chten wir Sie \u00fcber die Online-Streitbeilegungsplattform (OS-Plattform) informieren.<br \/>Verbraucher haben die M\u00f6glichkeit, Beschwerden an die Online Streitbeilegungsplattform der Europ\u00e4ischen Kommission unter http:\/\/ec.europa.eu\/odr?tid=221094407 zu richten. Die daf\u00fcr notwendigen Kontaktdaten finden Sie oberhalb in unserem Impressum.<\/p><p>Wir m\u00f6chten Sie jedoch darauf hinweisen, dass wir nicht bereit oder verpflichtet sind, an Streitbeilegungsverfahren vor einer Verbraucherschlichtungsstelle teilzunehmen.<\/p><p>Haftung f\u00fcr Inhalte dieser Webseite<\/p><p>Wir entwickeln die Inhalte dieser Webseite st\u00e4ndig weiter und bem\u00fchen uns korrekte und aktuelle Informationen bereitzustellen. Leider k\u00f6nnen wir keine Haftung f\u00fcr die Korrektheit aller Inhalte auf dieser Webseite \u00fcbernehmen, speziell f\u00fcr jene die seitens Dritter bereitgestellt wurden.<\/p><p>Sollten Ihnen problematische oder rechtswidrige Inhalte auffallen, bitten wir Sie uns umgehend zu kontaktieren, Sie finden die Kontaktdaten im Impressum.<\/p><p>Haftung f\u00fcr Links auf dieser Webseite<\/p><p>Unsere Webseite enth\u00e4lt Links zu anderen Webseiten f\u00fcr deren Inhalt wir nicht verantwortlich sind. Haftung f\u00fcr verlinkte Websites besteht laut \u00a7 17 ECG f\u00fcr uns nicht, da wir keine Kenntnis rechtswidriger T\u00e4tigkeiten hatten und haben, uns solche Rechtswidrigkeiten auch bisher nicht aufgefallen sind und wir Links sofort entfernen w\u00fcrden, wenn uns Rechtswidrigkeiten bekannt werden.<\/p><p>Wenn Ihnen rechtswidrige Links auf unserer Website auffallen, bitten wir Sie uns zu kontaktieren, Sie finden die Kontaktdaten im Impressum.<\/p><p>Urheberrechtshinweis<\/p><p>Alle Inhalte dieser Webseite (Bilder, Fotos, Texte, Videos) unterliegen dem Urheberrecht. Falls notwendig, werden wir die unerlaubte Nutzung von Teilen der Inhalte unserer Seite rechtlich verfolgen.<\/p><p>Bildernachweis<\/p><p>Die Bilder, Fotos und Grafiken auf dieser Webseite sind urheberrechtlich gesch\u00fctzt.<\/p><p>Die Bilderrechte liegen bei:<\/p><p>Johann und Renate St\u00f6ger<\/p><p>Datenschutzerkl\u00e4rung<\/p><p>Datenschutz<\/p><p>Wir haben diese Datenschutzerkl\u00e4rung (Fassung 23.05.2019-221094407) verfasst, um Ihnen gem\u00e4\u00df der Vorgaben der Datenschutz-Grundverordnung (EU) 2016\/679 und dem Datenschutzgesetz (DSG) zu erkl\u00e4ren, welche Informationen wir sammeln, wie wir Daten verwenden und welche Entscheidungsm\u00f6glichkeiten Sie als Besucher dieser Webseite haben.<\/p><p>Leider liegt es in der Natur der Sache, dass diese Erkl\u00e4rungen sehr technisch klingen, wir haben uns bei der Erstellung jedoch bem\u00fcht die wichtigsten Dinge so einfach und klar wie m\u00f6glich zu beschreiben.<\/p><p>Automatische Datenspeicherung<\/p><p>Wenn Sie heutzutage Webseiten besuchen, werden gewisse Informationen automatisch erstellt und gespeichert, so auch auf dieser Webseite.<\/p><p>Wenn Sie unsere Webseite so wie jetzt gerade besuchen, speichert unser Webserver (Computer auf dem diese Webseite gespeichert ist) automatisch Daten wie<\/p><p>die Adresse (URL) der aufgerufenen Webseite<\/p><p>Browser und Browserversion<\/p><p>das verwendete Betriebssystem<\/p><p>die Adresse (URL) der zuvor besuchten Seite (Referrer URL)<\/p><p>den Hostname und die IP-Adresse des Ger\u00e4ts von welchem aus zugegriffen wird<\/p><p>Datum und Uhrzeit<\/p><p>in Dateien (Webserver-Logfiles).<\/p><p>In der Regel werden Webserver-Logfiles zwei Wochen gespeichert und danach automatisch gel\u00f6scht. Wir geben diese Daten nicht weiter, k\u00f6nnen jedoch nicht ausschlie\u00dfen, dass diese Daten beim Vorliegen von rechtswidrigem Verhalten eingesehen werden.<br \/>Die Rechtsgrundlage besteht nach Artikel 6 Absatz 1 f DSGVO (Rechtm\u00e4\u00dfigkeit der Verarbeitung) darin, dass berechtigtes Interesse daran besteht, den fehlerfreien Betrieb dieser Webseite durch das Erfassen von Webserver-Logfiles zu erm\u00f6glichen.<\/p><p>Wie sieht es mit dem Datenschutz aus?<\/p><p>Seit 2009 gibt es die sogenannten \u201eCookie-Richtlinien\u201c. Darin ist festgehalten, dass das Speichern von Cookies eine Einwilligung des Website-Besuchers (also von Ihnen) verlangt. Innerhalb der EU-L\u00e4nder gibt es allerdings noch sehr unterschiedliche Reaktionen auf diese Richtlinien. In \u00d6sterreich erfolgte aber die Umsetzung dieser Richtlinie in \u00a7 96 Abs. 3 des Telekommunikationsgesetzes (TKG).<\/p><p>Wenn Sie mehr \u00fcber Cookies wissen m\u00f6chten und vor technischen Dokumentationen nicht zur\u00fcckscheuen, empfehlen wir https:\/\/tools.ietf.org\/html\/rfc6265, dem Request for Comments der Internet Engineering Task Force (IETF) namens \u201eHTTP State Management Mechanism\u201c.<\/p><p>Rechte laut Datenschutzgrundverordnung<\/p><p>Ihnen stehen laut den Bestimmungen der DSGVO und des \u00f6sterreichischen Datenschutzgesetzes (DSG) grunds\u00e4tzlich die folgende Rechte zu:<\/p><p>Recht auf Berichtung (Artikel 16 DSGVO)<\/p><p>Recht auf L\u00f6schung (\u201eRecht auf Vergessenwerden\u201c) (Artikel 17 DSGVO)<\/p><p>Recht auf Einschr\u00e4nkung der Verarbeitung (Artikel 18 DSGVO)<\/p><p>Recht auf Benachrichtigung \u2013 Mitteilungspflicht im Zusammenhang mit der Berichtigung oder L\u00f6schung personenbezogener Daten oder der Einschr\u00e4nkung der Verarbeitung (Artikel 19 DSGVO)<\/p><p>Recht auf Daten\u00fcbertragbarkeit (Artikel 20 DSGVO)<\/p><p>Widerspruchsrecht (Artikel 21 DSGVO)<\/p><p>Recht, nicht einer ausschlie\u00dflich auf einer automatisierten Verarbeitung \u2014 einschlie\u00dflich Profiling \u2014 beruhenden Entscheidung unterworfen zu werden (Artikel 22 DSGVO)<\/p><p>Wenn Sie glauben, dass die Verarbeitung Ihrer Daten gegen das Datenschutzrecht verst\u00f6\u00dft oder Ihre datenschutzrechtlichen Anspr\u00fcche sonst in einer Weise verletzt worden sind, k\u00f6nnen Sie sich bei der Aufsichtsbeh\u00f6rde beschweren, welche in \u00d6sterreich die Datenschutzbeh\u00f6rde ist, deren Webseite Sie unter https:\/\/www.dsb.gv.at\/ finden.<\/p><p>Google Maps Datenschutzerkl\u00e4rung<\/p><p>Wir verwenden Google Maps der Firma Google Inc. (1600 Amphitheatre Parkway Mountain View, CA 94043, USA) auf unserer Webseite.<\/p><p>Durch die Nutzung der Funktionen dieser Karte werden Daten an Google \u00fcbertragen. Welche Daten von Google erfasst werden und wof\u00fcr diese Daten verwendet werden, k\u00f6nnen Sie auf https:\/\/www.google.com\/intl\/de\/policies\/privacy\/ nachlesen.<\/p><p>Eingebettete Social Media Elemente Datenschutzerkl\u00e4rung<\/p><p>Wir binden auf unserer Webseite Elemente von Social Media Diensten ein um Bilder, Videos und Texte anzuzeigen.<br \/>Durch den Besuch von Seiten die diese Elemente darstellen, werden Daten von Ihrem Browser zum jeweiligen Social Media Dienst \u00fcbertragen und dort gespeichert. Wir haben keinen Zugriff auf diese Daten.<br \/>Die folgenden Links f\u00fchren Sie zu den Seiten der jeweiligen Social Media Dienste wo erkl\u00e4rt wird, wie diese mit Ihren Daten umgehen:<\/p><p>Instagram-Datenschutzrichtlinie: https:\/\/help.instagram.com\/519522125107875<\/p><p>F\u00fcr YouTube gilt die Google Datenschutzerkl\u00e4rung: https:\/\/policies.google.com\/privacy?hl=de<\/p><p>Facebook-Datenrichtline: https:\/\/www.facebook.com\/about\/privacy<\/p><p>Twitter Datenschutzrichtlinie: https:\/\/twitter.com\/de\/privacy<\/p><p>Facebook Datenschutzerkl\u00e4rung<\/p><p>Wir verwenden auf dieser Webseite Funktionen von Facebook, einem Social Media Network der FIrma Facebook Ireland Ltd., 4 Grand Canal Square, Grand Canal Harbour, Dublin 2 Ireland.<br \/>Welche Funktionen (Soziale Plug-ins) Facebook bereitstellt, k\u00f6nnen Sie auf https:\/\/developers.facebook.com\/docs\/plugins\/ nachlesen.<br \/>Durch den Besuch unserer Webseite k\u00f6nnen Informationen an Facebook \u00fcbermittelt werden. Wenn Sie \u00fcber ein Facebook-Konto verf\u00fcgen, kann Facebook diese Daten Ihrem pers\u00f6nlichen Konto zuordnen. Sollten Sie das nicht w\u00fcnschen, melden Sie sich bitte von Facebook ab.<br \/>Die Datenschutzrichtlinien, welche Informationen Facebook sammelt und wie sie diese verwenden finden Sie auf https:\/\/www.facebook.com\/policy.php.<\/p>\t\t\t\t\t\t<\/div>\n\t\t\t\t<\/div>\n\t\t\t\t\t<\/div>\n\t\t<\/div>\n\t\t\t\t\t<\/div>\n\t\t<\/section>\n\t\t\t\t<\/div>\n\t\t","protected":false},"excerpt":{"rendered":"<p>Impressum &amp; DSGVO Informationspflicht laut \u00a75 E-Commerce Gesetz, \u00a714 Unternehmensgesetzbuch, \u00a763 Gewerbeordnung und Offenlegungspflicht laut \u00a725 Mediengesetz. Gasthaus St\u00f6gerDaniel St\u00f6gerMarkt 573321 Ardagger\u00d6sterreich Unternehmensgegenstand: Gastgewerbe in der Betriebsart KaffeerestaurantUID-Nummer: ATU76845425 Tel.: [&hellip;]<\/p>\n","protected":false},"author":2,"featured_media":0,"parent":0,"menu_order":0,"comment_status":"closed","ping_status":"open","template":"","meta":{"footnotes":""},"_links":{"self":[{"href":"https:\/\/www.gasthaus-stoeger.at\/index.php?rest_route=\/wp\/v2\/pages\/2"}],"collection":[{"href":"https:\/\/www.gasthaus-stoeger.at\/index.php?rest_route=\/wp\/v2\/pages"}],"about":[{"href":"https:\/\/www.gasthaus-stoeger.at\/index.php?rest_route=\/wp\/v2\/types\/page"}],"author":[{"embeddable":true,"href":"https:\/\/www.gasthaus-stoeger.at\/index.php?rest_route=\/wp\/v2\/users\/2"}],"replies":[{"embeddable":true,"href":"https:\/\/www.gasthaus-stoeger.at\/index.php?rest_route=%2Fwp%2Fv2%2Fcomments&post=2"}],"version-history":[{"count":11,"href":"https:\/\/www.gasthaus-stoeger.at\/index.php?rest_route=\/wp\/v2\/pages\/2\/revisions"}],"predecessor-version":[{"id":7383,"href":"https:\/\/www.gasthaus-stoeger.at\/index.php?rest_route=\/wp\/v2\/pages\/2\/revisions\/7383"}],"wp:attachment":[{"href":"https:\/\/www.gasthaus-stoeger.at\/index.php?rest_route=%2Fwp%2Fv2%2Fmedia&parent=2"}],"curies":[{"name":"wp","href":"https:\/\/api.w.org\/{rel}","templated":true}]}}